{"id":6711,"date":"2020-11-19T17:50:08","date_gmt":"2020-11-19T16:50:08","guid":{"rendered":"https:\/\/poradnia-harmonia.pl\/umow-wizyte-online\/"},"modified":"2021-02-24T13:44:31","modified_gmt":"2021-02-24T12:44:31","slug":"schedule-an-appointment","status":"publish","type":"page","link":"https:\/\/poradnia-harmonia.pl\/en\/schedule-an-appointment\/","title":{"rendered":"Schedule an Appointment"},"content":{"rendered":"<div class=\"wpb-content-wrapper\"><p>[vc_row][vc_column][vc_column_text]<div id='planyo_plugin_code' class='planyo_wp planyo'>\n<script type=\"text\/javascript\">\n\/* these values are copied from the PHP settings; please update the original values above and leave these unchanged *\/\nvar ulap_script=\"ulap.php\"; \/* file name to one of the ULAP scripts, e.g. ulap.php, OR \"jsonp\" for a pure javascript implementation *\/\nvar planyo_site_id=\"46794\"; \/* ID of your planyo site *\/\nvar planyo_resource_id=\"\"; \/* optional: ID of the resource being reserved *\/\nvar planyo_files_location=\"https:\/\/poradnia-harmonia.pl\/wp-content\/plugins\/planyo-online-reservation-system\/\"; \/* relative or absolute directory where the planyo files are kept (usually '\/planyo-files') *\/\nvar planyo_language=\"PL\"; \/* you can optionally change the language here, e.g. 'FR' or 'ES' or pass the languge in the 'planyo_lang' parameter *\/\nvar sort_fields=\"name,price\"; \/* comma-separated sort fields -- a single field will hide the sort dropdown box *\/\nvar planyo_resource_ordering=\"name\"; \/* optional sort criterium for resource list *\/\nvar extra_search_fields=\"\"; \/* comma-separated extra fields in the search box *\/\nvar planyo_default_mode=\"resource_list\";\nvar planyo_use_https=true; \/* set this to true if embedding planyo on a secure website (SSL) *\/\nvar planyo_attribs='?prop_res_j__zyk=cntAngielski&mode=resource_list&lang=EN&sort=name'; \/* optional attributes for non-default modes *\/\n<\/script>\n\n<script type=\"text\/javascript\">\nfunction get_param (name) {name = name.replace(\/[\\[]\/,\"\\\\\\[\").replace(\/[\\]]\/,\"\\\\\\]\");var regexS = \"[\\\\?&]\"+name+\"=([^&#]*)\";var regex = new RegExp (regexS);var results = regex.exec (window.location.href);if (results == null) return null;else  return results[1];}\nif (get_param('ppp_mode')) planyo_embed_mode = get_param('ppp_mode'); else if (get_param('mode')) planyo_embed_mode = get_param('mode');\nfunction get_full_planyo_file_path(name) {if(planyo_files_location.length==0||planyo_files_location.lastIndexOf('\/')==planyo_files_location.length-1)return planyo_files_location+name; else return planyo_files_location+'\/'+name;}\n<\/script>\n<link rel='stylesheet' href='https:\/\/www.planyo.com\/schemes\/?calendar=46794&detect_mobile=auto&sel=scheme_css' type='text\/css' \/>\n<div id='planyo_content' class='planyo'><img src='https:\/\/www.planyo.com\/images\/hourglass.gif' align='middle' \/><\/div>\n<script type='text\/javascript' src='https:\/\/www.planyo.com\/Plugins\/PlanyoFiles\/jquery-3.6.4.min.js'><\/script>\n<script src='https:\/\/www.planyo.com\/Plugins\/PlanyoFiles\/booking-utils.js' type='text\/javascript'><\/script>\n<noscript>\n<a href='https:\/\/www.planyo.com\/about-calendar.php?calendar=46794'>Make a reservation<\/a><br\/><br\/><a href='https:\/\/www.planyo.com\/'>Reservation\n  system powered by Planyo<\/a>\n<\/noscript>\n<\/div>\n[\/vc_column_text][\/vc_column][\/vc_row]<\/p>\n<\/div>","protected":false},"excerpt":{"rendered":"<p>[vc_row][vc_column][vc_column_text][\/vc_column_text][\/vc_column][\/vc_row]<\/p>\n","protected":false},"author":1,"featured_media":0,"parent":0,"menu_order":0,"comment_status":"closed","ping_status":"closed","template":"","meta":{"_acf_changed":false,"footnotes":"","_links_to":"","_links_to_target":""},"class_list":["post-6711","page","type-page","status-publish","hentry"],"acf":[],"yoast_head":"<!-- This site is optimized with the Yoast SEO plugin v27.5 - https:\/\/yoast.com\/product\/yoast-seo-wordpress\/ -->\n<title>Schedule an Appointment - Pscyholog Seskuolog Dietetyk Warszawa<\/title>\n<meta name=\"description\" content=\"Um\u00f3w wizyt\u0119 online do psychologa, seksuologa, psychoterapeuty lub dietetyka w Poradni &quot;HARMONIA&quot;. \u0141atwo, szybko i bezproblemowo!\" \/>\n<meta name=\"robots\" content=\"noindex, nofollow\" \/>\n<meta property=\"og:locale\" content=\"en_US\" \/>\n<meta property=\"og:type\" content=\"article\" \/>\n<meta property=\"og:title\" content=\"Schedule an Appointment - Pscyholog Seskuolog Dietetyk Warszawa\" \/>\n<meta property=\"og:description\" content=\"Um\u00f3w wizyt\u0119 online do psychologa, seksuologa, psychoterapeuty lub dietetyka w Poradni &quot;HARMONIA&quot;. \u0141atwo, szybko i bezproblemowo!\" \/>\n<meta property=\"og:url\" content=\"https:\/\/poradnia-harmonia.pl\/en\/schedule-an-appointment\/\" \/>\n<meta property=\"og:site_name\" content=\"Psycholog Seksuolog Warszawa - Poradnia &quot;HARMONIA&quot;\" \/>\n<meta property=\"article:modified_time\" content=\"2021-02-24T12:44:31+00:00\" \/>\n<meta name=\"twitter:card\" content=\"summary_large_image\" \/>\n<script type=\"application\/ld+json\" class=\"yoast-schema-graph\">{\"@context\":\"https:\\\/\\\/schema.org\",\"@graph\":[{\"@type\":\"WebPage\",\"@id\":\"https:\\\/\\\/poradnia-harmonia.pl\\\/en\\\/schedule-an-appointment\\\/\",\"url\":\"https:\\\/\\\/poradnia-harmonia.pl\\\/en\\\/schedule-an-appointment\\\/\",\"name\":\"Schedule an Appointment - Pscyholog Seskuolog Dietetyk Warszawa\",\"isPartOf\":{\"@id\":\"https:\\\/\\\/poradnia-harmonia.pl\\\/en\\\/#website\"},\"datePublished\":\"2020-11-19T16:50:08+00:00\",\"dateModified\":\"2021-02-24T12:44:31+00:00\",\"description\":\"Um\u00f3w wizyt\u0119 online do psychologa, seksuologa, psychoterapeuty lub dietetyka w Poradni \\\"HARMONIA\\\". \u0141atwo, szybko i bezproblemowo!\",\"breadcrumb\":{\"@id\":\"https:\\\/\\\/poradnia-harmonia.pl\\\/en\\\/schedule-an-appointment\\\/#breadcrumb\"},\"inLanguage\":\"en-US\",\"potentialAction\":[{\"@type\":\"ReadAction\",\"target\":[\"https:\\\/\\\/poradnia-harmonia.pl\\\/en\\\/schedule-an-appointment\\\/\"]}]},{\"@type\":\"BreadcrumbList\",\"@id\":\"https:\\\/\\\/poradnia-harmonia.pl\\\/en\\\/schedule-an-appointment\\\/#breadcrumb\",\"itemListElement\":[{\"@type\":\"ListItem\",\"position\":1,\"name\":\"Strona g\u0142\u00f3wna\",\"item\":\"https:\\\/\\\/poradnia-harmonia.pl\\\/en\\\/\"},{\"@type\":\"ListItem\",\"position\":2,\"name\":\"Schedule an Appointment\"}]},{\"@type\":\"WebSite\",\"@id\":\"https:\\\/\\\/poradnia-harmonia.pl\\\/en\\\/#website\",\"url\":\"https:\\\/\\\/poradnia-harmonia.pl\\\/en\\\/\",\"name\":\"Psycholog Seksuolog Warszawa - Poradnia &quot;HARMONIA&quot;\",\"description\":\"Psycholog Seksuolog Warszawa - Samo Centrum - Al. Jerozolimskie 91, tel. 500 504 600 - Terapia par i indywidualna - Do\u015bwiadczeni psychologowie i seksuolodzy\",\"potentialAction\":[{\"@type\":\"SearchAction\",\"target\":{\"@type\":\"EntryPoint\",\"urlTemplate\":\"https:\\\/\\\/poradnia-harmonia.pl\\\/en\\\/?s={search_term_string}\"},\"query-input\":{\"@type\":\"PropertyValueSpecification\",\"valueRequired\":true,\"valueName\":\"search_term_string\"}}],\"inLanguage\":\"en-US\"}]}<\/script>\n<!-- \/ Yoast SEO plugin. -->","yoast_head_json":{"title":"Schedule an Appointment - Pscyholog Seskuolog Dietetyk Warszawa","description":"Um\u00f3w wizyt\u0119 online do psychologa, seksuologa, psychoterapeuty lub dietetyka w Poradni \"HARMONIA\". \u0141atwo, szybko i bezproblemowo!","robots":{"index":"noindex","follow":"nofollow"},"og_locale":"en_US","og_type":"article","og_title":"Schedule an Appointment - Pscyholog Seskuolog Dietetyk Warszawa","og_description":"Um\u00f3w wizyt\u0119 online do psychologa, seksuologa, psychoterapeuty lub dietetyka w Poradni \"HARMONIA\". \u0141atwo, szybko i bezproblemowo!","og_url":"https:\/\/poradnia-harmonia.pl\/en\/schedule-an-appointment\/","og_site_name":"Psycholog Seksuolog Warszawa - Poradnia &quot;HARMONIA&quot;","article_modified_time":"2021-02-24T12:44:31+00:00","twitter_card":"summary_large_image","schema":{"@context":"https:\/\/schema.org","@graph":[{"@type":"WebPage","@id":"https:\/\/poradnia-harmonia.pl\/en\/schedule-an-appointment\/","url":"https:\/\/poradnia-harmonia.pl\/en\/schedule-an-appointment\/","name":"Schedule an Appointment - Pscyholog Seskuolog Dietetyk Warszawa","isPartOf":{"@id":"https:\/\/poradnia-harmonia.pl\/en\/#website"},"datePublished":"2020-11-19T16:50:08+00:00","dateModified":"2021-02-24T12:44:31+00:00","description":"Um\u00f3w wizyt\u0119 online do psychologa, seksuologa, psychoterapeuty lub dietetyka w Poradni \"HARMONIA\". \u0141atwo, szybko i bezproblemowo!","breadcrumb":{"@id":"https:\/\/poradnia-harmonia.pl\/en\/schedule-an-appointment\/#breadcrumb"},"inLanguage":"en-US","potentialAction":[{"@type":"ReadAction","target":["https:\/\/poradnia-harmonia.pl\/en\/schedule-an-appointment\/"]}]},{"@type":"BreadcrumbList","@id":"https:\/\/poradnia-harmonia.pl\/en\/schedule-an-appointment\/#breadcrumb","itemListElement":[{"@type":"ListItem","position":1,"name":"Strona g\u0142\u00f3wna","item":"https:\/\/poradnia-harmonia.pl\/en\/"},{"@type":"ListItem","position":2,"name":"Schedule an Appointment"}]},{"@type":"WebSite","@id":"https:\/\/poradnia-harmonia.pl\/en\/#website","url":"https:\/\/poradnia-harmonia.pl\/en\/","name":"Psycholog Seksuolog Warszawa - Poradnia &quot;HARMONIA&quot;","description":"Psycholog Seksuolog Warszawa - Samo Centrum - Al. Jerozolimskie 91, tel. 500 504 600 - Terapia par i indywidualna - Do\u015bwiadczeni psychologowie i seksuolodzy","potentialAction":[{"@type":"SearchAction","target":{"@type":"EntryPoint","urlTemplate":"https:\/\/poradnia-harmonia.pl\/en\/?s={search_term_string}"},"query-input":{"@type":"PropertyValueSpecification","valueRequired":true,"valueName":"search_term_string"}}],"inLanguage":"en-US"}]}},"_links":{"self":[{"href":"https:\/\/poradnia-harmonia.pl\/en\/wp-json\/wp\/v2\/pages\/6711","targetHints":{"allow":["GET"]}}],"collection":[{"href":"https:\/\/poradnia-harmonia.pl\/en\/wp-json\/wp\/v2\/pages"}],"about":[{"href":"https:\/\/poradnia-harmonia.pl\/en\/wp-json\/wp\/v2\/types\/page"}],"author":[{"embeddable":true,"href":"https:\/\/poradnia-harmonia.pl\/en\/wp-json\/wp\/v2\/users\/1"}],"replies":[{"embeddable":true,"href":"https:\/\/poradnia-harmonia.pl\/en\/wp-json\/wp\/v2\/comments?post=6711"}],"version-history":[{"count":0,"href":"https:\/\/poradnia-harmonia.pl\/en\/wp-json\/wp\/v2\/pages\/6711\/revisions"}],"wp:attachment":[{"href":"https:\/\/poradnia-harmonia.pl\/en\/wp-json\/wp\/v2\/media?parent=6711"}],"curies":[{"name":"wp","href":"https:\/\/api.w.org\/{rel}","templated":true}]}}